{"id":218,"date":"2020-10-30T15:24:21","date_gmt":"2020-10-30T14:24:21","guid":{"rendered":"http:\/\/urbanraum.act-berlin.de\/startseite\/"},"modified":"2021-01-28T11:12:24","modified_gmt":"2021-01-28T10:12:24","slug":"startseite","status":"publish","type":"page","link":"https:\/\/urbanraum.com\/en\/","title":{"rendered":"Startseite"},"content":{"rendered":"","protected":false},"excerpt":{"rendered":"","protected":false},"author":1,"featured_media":0,"parent":0,"menu_order":0,"comment_status":"closed","ping_status":"closed","template":"","meta":[],"acf":[],"yoast_head":"<!-- This site is optimized with the Yoast SEO plugin v20.7 - https:\/\/yoast.com\/wordpress\/plugins\/seo\/ -->\n<title>Urbanraum | Raum f\u00fcr Kreativit\u00e4t, Bewegung, Innovation, Gleichw\u00fcrdigkeit<\/title>\n<meta name=\"description\" content=\"Urbanraum ist ein Raum, an dem Kinder, Erwachsene und Profi-T\u00e4nzer einen Ort finden, sich zu bewegen, zu tanzen, zu improvisieren, zu lernen. Urbanraum steht f\u00fcr qualitativ hochwertigen Tanz- und Bewegungs-Unterricht.\" \/>\n<meta name=\"robots\" content=\"index, follow, max-snippet:-1, max-image-preview:large, max-video-preview:-1\" \/>\n<link rel=\"canonical\" href=\"https:\/\/urbanraum.com\/en\/\" \/>\n<meta property=\"og:locale\" content=\"en_US\" \/>\n<meta property=\"og:type\" content=\"article\" \/>\n<meta property=\"og:title\" content=\"Urbanraum | Raum f\u00fcr Kreativit\u00e4t, Bewegung, Innovation, Gleichw\u00fcrdigkeit\" \/>\n<meta property=\"og:description\" content=\"Urbanraum ist ein Raum, an dem Kinder, Erwachsene und Profi-T\u00e4nzer einen Ort finden, sich zu bewegen, zu tanzen, zu improvisieren, zu lernen. Urbanraum steht f\u00fcr qualitativ hochwertigen Tanz- und Bewegungs-Unterricht.\" \/>\n<meta property=\"og:url\" content=\"https:\/\/urbanraum.com\/en\/\" \/>\n<meta property=\"og:site_name\" content=\"Urbanraum\" \/>\n<meta property=\"article:publisher\" content=\"https:\/\/web.facebook.com\/urbanraumberlin\" \/>\n<meta property=\"article:modified_time\" content=\"2021-01-28T10:12:24+00:00\" \/>\n<meta property=\"og:image\" content=\"https:\/\/urbanraum.com\/wp-content\/uploads\/2020\/11\/og-image.jpg\" \/>\n\t<meta property=\"og:image:width\" content=\"1200\" \/>\n\t<meta property=\"og:image:height\" content=\"630\" \/>\n\t<meta property=\"og:image:type\" content=\"image\/jpeg\" \/>\n<meta name=\"twitter:card\" content=\"summary_large_image\" \/>\n<script type=\"application\/ld+json\" class=\"yoast-schema-graph\">{\"@context\":\"https:\/\/schema.org\",\"@graph\":[{\"@type\":\"WebPage\",\"@id\":\"https:\/\/urbanraum.com\/en\/\",\"url\":\"https:\/\/urbanraum.com\/en\/\",\"name\":\"Urbanraum | Raum f\u00fcr Kreativit\u00e4t, Bewegung, Innovation, Gleichw\u00fcrdigkeit\",\"isPartOf\":{\"@id\":\"https:\/\/urbanraum.com\/en\/#website\"},\"datePublished\":\"2020-10-30T14:24:21+00:00\",\"dateModified\":\"2021-01-28T10:12:24+00:00\",\"description\":\"Urbanraum ist ein Raum, an dem Kinder, Erwachsene und Profi-T\u00e4nzer einen Ort finden, sich zu bewegen, zu tanzen, zu improvisieren, zu lernen. Urbanraum steht f\u00fcr qualitativ hochwertigen Tanz- und Bewegungs-Unterricht.\",\"breadcrumb\":{\"@id\":\"https:\/\/urbanraum.com\/en\/#breadcrumb\"},\"inLanguage\":\"en-US\",\"potentialAction\":[{\"@type\":\"ReadAction\",\"target\":[\"https:\/\/urbanraum.com\/en\/\"]}]},{\"@type\":\"BreadcrumbList\",\"@id\":\"https:\/\/urbanraum.com\/en\/#breadcrumb\",\"itemListElement\":[{\"@type\":\"ListItem\",\"position\":1,\"name\":\"Startseite\",\"item\":\"https:\/\/urbanraum.com\/en\/\"},{\"@type\":\"ListItem\",\"position\":2,\"name\":\"Startseite\"}]},{\"@type\":\"WebSite\",\"@id\":\"https:\/\/urbanraum.com\/en\/#website\",\"url\":\"https:\/\/urbanraum.com\/en\/\",\"name\":\"Urbanraum\",\"description\":\"Raum f\u00fcr Kreativit\u00e4t, Bewegung, Innovation, Gleichw\u00fcrdigkeit\",\"publisher\":{\"@id\":\"https:\/\/urbanraum.com\/en\/#organization\"},\"potentialAction\":[{\"@type\":\"SearchAction\",\"target\":{\"@type\":\"EntryPoint\",\"urlTemplate\":\"https:\/\/urbanraum.com\/en\/?s={search_term_string}\"},\"query-input\":\"required name=search_term_string\"}],\"inLanguage\":\"en-US\"},{\"@type\":\"Organization\",\"@id\":\"https:\/\/urbanraum.com\/en\/#organization\",\"name\":\"Urbanraum\",\"url\":\"https:\/\/urbanraum.com\/en\/\",\"logo\":{\"@type\":\"ImageObject\",\"inLanguage\":\"en-US\",\"@id\":\"https:\/\/urbanraum.com\/en\/#\/schema\/logo\/image\/\",\"url\":\"https:\/\/urbanraum.com\/wp-content\/uploads\/2020\/11\/kg-logo.jpg\",\"contentUrl\":\"https:\/\/urbanraum.com\/wp-content\/uploads\/2020\/11\/kg-logo.jpg\",\"width\":1000,\"height\":550,\"caption\":\"Urbanraum\"},\"image\":{\"@id\":\"https:\/\/urbanraum.com\/en\/#\/schema\/logo\/image\/\"},\"sameAs\":[\"https:\/\/web.facebook.com\/urbanraumberlin\",\"https:\/\/www.instagram.com\/urbanraum.berlin\/?hl=de\",\"https:\/\/www.linkedin.com\/showcase\/urbanraum-berlin\"]}]}<\/script>\n<!-- \/ Yoast SEO plugin. -->","yoast_head_json":{"title":"Urbanraum | Raum f\u00fcr Kreativit\u00e4t, Bewegung, Innovation, Gleichw\u00fcrdigkeit","description":"Urbanraum ist ein Raum, an dem Kinder, Erwachsene und Profi-T\u00e4nzer einen Ort finden, sich zu bewegen, zu tanzen, zu improvisieren, zu lernen. Urbanraum steht f\u00fcr qualitativ hochwertigen Tanz- und Bewegungs-Unterricht.","robots":{"index":"index","follow":"follow","max-snippet":"max-snippet:-1","max-image-preview":"max-image-preview:large","max-video-preview":"max-video-preview:-1"},"canonical":"https:\/\/urbanraum.com\/en\/","og_locale":"en_US","og_type":"article","og_title":"Urbanraum | Raum f\u00fcr Kreativit\u00e4t, Bewegung, Innovation, Gleichw\u00fcrdigkeit","og_description":"Urbanraum ist ein Raum, an dem Kinder, Erwachsene und Profi-T\u00e4nzer einen Ort finden, sich zu bewegen, zu tanzen, zu improvisieren, zu lernen. Urbanraum steht f\u00fcr qualitativ hochwertigen Tanz- und Bewegungs-Unterricht.","og_url":"https:\/\/urbanraum.com\/en\/","og_site_name":"Urbanraum","article_publisher":"https:\/\/web.facebook.com\/urbanraumberlin","article_modified_time":"2021-01-28T10:12:24+00:00","og_image":[{"width":1200,"height":630,"url":"https:\/\/urbanraum.com\/wp-content\/uploads\/2020\/11\/og-image.jpg","type":"image\/jpeg"}],"twitter_card":"summary_large_image","schema":{"@context":"https:\/\/schema.org","@graph":[{"@type":"WebPage","@id":"https:\/\/urbanraum.com\/en\/","url":"https:\/\/urbanraum.com\/en\/","name":"Urbanraum | Raum f\u00fcr Kreativit\u00e4t, Bewegung, Innovation, Gleichw\u00fcrdigkeit","isPartOf":{"@id":"https:\/\/urbanraum.com\/en\/#website"},"datePublished":"2020-10-30T14:24:21+00:00","dateModified":"2021-01-28T10:12:24+00:00","description":"Urbanraum ist ein Raum, an dem Kinder, Erwachsene und Profi-T\u00e4nzer einen Ort finden, sich zu bewegen, zu tanzen, zu improvisieren, zu lernen. Urbanraum steht f\u00fcr qualitativ hochwertigen Tanz- und Bewegungs-Unterricht.","breadcrumb":{"@id":"https:\/\/urbanraum.com\/en\/#breadcrumb"},"inLanguage":"en-US","potentialAction":[{"@type":"ReadAction","target":["https:\/\/urbanraum.com\/en\/"]}]},{"@type":"BreadcrumbList","@id":"https:\/\/urbanraum.com\/en\/#breadcrumb","itemListElement":[{"@type":"ListItem","position":1,"name":"Startseite","item":"https:\/\/urbanraum.com\/en\/"},{"@type":"ListItem","position":2,"name":"Startseite"}]},{"@type":"WebSite","@id":"https:\/\/urbanraum.com\/en\/#website","url":"https:\/\/urbanraum.com\/en\/","name":"Urbanraum","description":"Raum f\u00fcr Kreativit\u00e4t, Bewegung, Innovation, Gleichw\u00fcrdigkeit","publisher":{"@id":"https:\/\/urbanraum.com\/en\/#organization"},"potentialAction":[{"@type":"SearchAction","target":{"@type":"EntryPoint","urlTemplate":"https:\/\/urbanraum.com\/en\/?s={search_term_string}"},"query-input":"required name=search_term_string"}],"inLanguage":"en-US"},{"@type":"Organization","@id":"https:\/\/urbanraum.com\/en\/#organization","name":"Urbanraum","url":"https:\/\/urbanraum.com\/en\/","logo":{"@type":"ImageObject","inLanguage":"en-US","@id":"https:\/\/urbanraum.com\/en\/#\/schema\/logo\/image\/","url":"https:\/\/urbanraum.com\/wp-content\/uploads\/2020\/11\/kg-logo.jpg","contentUrl":"https:\/\/urbanraum.com\/wp-content\/uploads\/2020\/11\/kg-logo.jpg","width":1000,"height":550,"caption":"Urbanraum"},"image":{"@id":"https:\/\/urbanraum.com\/en\/#\/schema\/logo\/image\/"},"sameAs":["https:\/\/web.facebook.com\/urbanraumberlin","https:\/\/www.instagram.com\/urbanraum.berlin\/?hl=de","https:\/\/www.linkedin.com\/showcase\/urbanraum-berlin"]}]}},"_links":{"self":[{"href":"https:\/\/urbanraum.com\/en\/wp-json\/wp\/v2\/pages\/218"}],"collection":[{"href":"https:\/\/urbanraum.com\/en\/wp-json\/wp\/v2\/pages"}],"about":[{"href":"https:\/\/urbanraum.com\/en\/wp-json\/wp\/v2\/types\/page"}],"author":[{"embeddable":true,"href":"https:\/\/urbanraum.com\/en\/wp-json\/wp\/v2\/users\/1"}],"replies":[{"embeddable":true,"href":"https:\/\/urbanraum.com\/en\/wp-json\/wp\/v2\/comments?post=218"}],"version-history":[{"count":12,"href":"https:\/\/urbanraum.com\/en\/wp-json\/wp\/v2\/pages\/218\/revisions"}],"predecessor-version":[{"id":360,"href":"https:\/\/urbanraum.com\/en\/wp-json\/wp\/v2\/pages\/218\/revisions\/360"}],"wp:attachment":[{"href":"https:\/\/urbanraum.com\/en\/wp-json\/wp\/v2\/media?parent=218"}],"curies":[{"name":"wp","href":"https:\/\/api.w.org\/{rel}","templated":true}]}}